{"id":716,"date":"2025-02-06T16:09:43","date_gmt":"2025-02-06T16:09:43","guid":{"rendered":"https:\/\/clarus.sahradyan.com\/contacts\/"},"modified":"2025-04-14T13:55:04","modified_gmt":"2025-04-14T13:55:04","slug":"contacts","status":"publish","type":"page","link":"https:\/\/clarus.sahradyan.com\/ru\/contacts\/","title":{"rendered":"\u041a\u043e\u043d\u0442\u0430\u043a\u0442"},"content":{"rendered":"<section class=\"l-section wpb_row height_medium\"><div class=\"l-section-h i-cf\"><div class=\"g-cols vc_row via_grid cols_1 laptops-cols_inherit tablets-cols_inherit mobiles-cols_1 valign_top type_default stacking_default\"><div class=\"wpb_column vc_column_container\"><div class=\"vc_column-inner\"><h1 class=\"w-text\"><span class=\"w-text-h\"><span class=\"w-text-value\">\u0421\u0432\u044f\u0436\u0438\u0442\u0435\u0441\u044c \u0441 \u043d\u0430\u043c\u0438<\/span><\/span><\/h1><div class=\"g-cols wpb_row via_grid cols_2 laptops-cols_inherit tablets-cols_inherit mobiles-cols_1 valign_top type_default stacking_default\" style=\"--columns-gap:3rem;\"><div class=\"wpb_column vc_column_container\"><div class=\"vc_column-inner\"><div class=\"wpb_text_column\"><div class=\"wpb_wrapper\"><p>\u042d\u043a\u0441\u043f\u0435\u0440\u0442\u044b \u043d\u0430\u0448\u0435\u0439 \u043a\u043e\u043c\u0430\u043d\u0434\u044b \u0433\u043e\u0442\u043e\u0432\u044b \u043a \u0440\u0430\u0431\u043e\u0442\u0435 \u0441 \u0412\u0430\u043c\u0438.<\/p>\n<\/div><\/div><\/div><\/div><div class=\"wpb_column vc_column_container\"><div class=\"vc_column-inner\"><\/div><\/div><\/div><div class=\"w-separator size_large with_line width_default thick_1 style_solid color_border align_center\"><div class=\"w-separator-h\"><\/div><\/div><div class=\"g-cols wpb_row via_grid cols_4 laptops-cols_inherit tablets-cols_inherit mobiles-cols_1 valign_top type_default stacking_default\" style=\"--columns-gap:3rem;\"><div class=\"wpb_column vc_column_container\"><div class=\"vc_column-inner\"><div class=\"w-iconbox us_custom_6df4bc3a has_text_color iconpos_top style_default color_primary align_left no_text\"><div class=\"w-iconbox-icon\" style=\"font-size:2rem;\"><i class=\"fad fa-home\"><\/i><\/div><div class=\"w-iconbox-meta\"><h6 class=\"w-iconbox-title\">\u0410\u0434\u0440\u0435\u0441<\/h6><\/div><\/div><div class=\"w-separator size_custom\" style=\"height:16px\"><\/div><div class=\"wpb_text_column us_custom_097a9600 has_text_color\"><div class=\"wpb_wrapper\"><p>\u042d\u0441\u0442\u043e\u043d\u0438\u044f<br \/>\n<a href=\"https:\/\/maps.app.goo.gl\/rCF7QqfGBge2HCdg6\"><span>Tartu mnt 50, <\/span><span>10115 Tallinn<\/span><\/a><\/p>\n<p>\u041b\u0438\u0442\u0432\u0430<br \/>\n<a href=\"https:\/\/maps.app.goo.gl\/Q6FEpjqvnk6W8ULm8\">A.Tum\u0117no g. 4-32, 4 auk\u0161tas (Vakar\u0173 \u012f\u0117jimas) LT-01109, Vilnius<\/a><\/p>\n<\/div><\/div><\/div><\/div><div class=\"wpb_column vc_column_container\"><div class=\"vc_column-inner\"><div class=\"w-iconbox us_custom_6df4bc3a has_text_color iconpos_top style_default color_primary align_left no_text\"><div class=\"w-iconbox-icon\" style=\"font-size:2rem;\"><i class=\"fad fa-clock\"><\/i><\/div><div class=\"w-iconbox-meta\"><h6 class=\"w-iconbox-title\">\u0412\u0440\u0435\u043c\u044f \u0440\u0430\u0431\u043e\u0442\u044b<\/h6><\/div><\/div><div class=\"w-separator size_custom\" style=\"height:16px\"><\/div><div class=\"wpb_text_column us_custom_097a9600 has_text_color\"><div class=\"wpb_wrapper\"><p>\u041f\u041d-\u041f\u0422: 10 \u2013 16<br \/>\n\u0421\u0411, \u0412\u0421: \u0437\u0430\u043a\u0440\u044b\u0442\u043e<\/p>\n<\/div><\/div><\/div><\/div><div class=\"wpb_column vc_column_container\"><div class=\"vc_column-inner\"><div class=\"w-iconbox us_custom_6df4bc3a has_text_color iconpos_top style_default color_primary align_left no_text\"><div class=\"w-iconbox-icon\" style=\"font-size:2rem;\"><i class=\"fad fa-phone\"><\/i><\/div><div class=\"w-iconbox-meta\"><h6 class=\"w-iconbox-title\">\u0422\u0435\u043b\u0435\u0444\u043e\u043d<\/h6><\/div><\/div><div class=\"w-separator size_custom\" style=\"height:16px\"><\/div><div class=\"wpb_text_column us_custom_097a9600 has_text_color\"><div class=\"wpb_wrapper\"><p><span>\u042d\u0441\u0442\u043e\u043d\u0438\u044f<br \/>\n<a href=\"tel:+372 7 707 707\">+372 7 707 707<\/a><\/span><br \/>\n<span><br \/>\n\u041b\u0438\u0442\u0432\u0430<br \/>\n<a href=\"tel:+370 5 21 627 35\">+370 5 21 627 35<\/a><\/span><\/p>\n<\/div><\/div><\/div><\/div><div class=\"wpb_column vc_column_container\"><div class=\"vc_column-inner\"><div class=\"w-iconbox us_custom_6df4bc3a has_text_color iconpos_top style_default color_primary align_left no_text\"><div class=\"w-iconbox-icon\" style=\"font-size:2rem;\"><i class=\"fad fa-at\"><\/i><\/div><div class=\"w-iconbox-meta\"><h6 class=\"w-iconbox-title\">Email<\/h6><\/div><\/div><div class=\"w-separator size_custom\" style=\"height:16px\"><\/div><div class=\"wpb_text_column us_custom_097a9600 has_text_color\"><div class=\"wpb_wrapper\"><p><span>\u042d\u0441\u0442\u043e\u043d\u0438\u044f<br \/>\n<a href=\"mailto:info@clarusab.ee\">info@clarusab.ee<\/a><\/span><br \/>\n<span><br \/>\n\u041b\u0438\u0442\u0432\u0430<br \/>\n<a href=\"mailto:info@clarus.lt\">info@clarus.lt<\/a><\/span><\/p>\n<\/div><\/div><\/div><\/div><\/div><div class=\"w-separator size_large with_line width_default thick_1 style_solid color_border align_center\"><div class=\"w-separator-h\"><\/div><\/div><div class=\"g-cols wpb_row us_custom_cccbe74a us_animate_this via_grid cols_2 laptops-cols_inherit tablets-cols_inherit mobiles-cols_1 valign_top type_default stacking_default\" style=\"--columns-gap:4rem;\"><div class=\"wpb_column vc_column_container\"><div class=\"vc_column-inner\"><h4 class=\"w-text\"><span class=\"w-text-h\"><span class=\"w-text-value\">\u0414\u0430\u0432\u0430\u0439\u0442\u0435 \u0440\u0430\u0431\u043e\u0442\u0430\u0442\u044c \u0432\u043c\u0435\u0441\u0442\u0435<\/span><\/span><\/h4><div class=\"wpb_text_column\"><div class=\"wpb_wrapper\"><p>\u041c\u044b \u0437\u0434\u0435\u0441\u044c, \u0447\u0442\u043e\u0431\u044b \u043f\u043e\u043c\u043e\u0447\u044c \u043e\u0442\u0432\u0435\u0442\u0438\u0442\u044c \u043d\u0430 \u0432\u0430\u0448\u0438 \u0432\u043e\u043f\u0440\u043e\u0441\u044b. \u0421\u0443\u0434\u0435\u0431\u043d\u044b\u0435 \u0434\u0435\u043b\u0430 \u043c\u043e\u0433\u0443\u0442 \u0431\u044b\u0442\u044c \u0441\u043b\u043e\u0436\u043d\u044b\u043c\u0438, \u043d\u0430\u0448\u0438 \u044d\u043a\u0441\u043f\u0435\u0440\u0442\u044b \u0432\u0441\u0435\u0433\u0434\u0430 \u0433\u043e\u0442\u043e\u0432\u044b \u043f\u043e\u043c\u043e\u0447\u044c \u0432\u0430\u043c \u043f\u0440\u043e\u0438\u043d\u0444\u043e\u0440\u043c\u0438\u0440\u043e\u0432\u0430\u0442\u044c \u0432\u0430\u0441 \u043e \u043a\u0430\u0436\u0434\u043e\u043c \u0430\u0441\u043f\u0435\u043a\u0442\u0435 \u0432\u0430\u0448\u0435\u0439 \u0442\u0435\u043c\u044b.<\/p>\n<p>\u041c\u044b \u0433\u043e\u0440\u0434\u0438\u043c\u0441\u044f \u0442\u0435\u043c, \u0447\u0442\u043e \u043f\u0440\u0435\u0434\u043e\u0441\u0442\u0430\u0432\u043b\u044f\u0435\u043c \u0432\u0430\u043c \u043d\u0430\u0448\u0443 \u044d\u043a\u0441\u043f\u0435\u0440\u0442\u0438\u0437\u0443, \u0438 \u0441 \u043d\u0435\u0442\u0435\u0440\u043f\u0435\u043d\u0438\u0435\u043c \u0436\u0434\u0435\u043c \u0432\u0430\u0448\u0435\u0433\u043e \u043e\u0442\u0432\u0435\u0442\u0430.<\/p>\n<p>\u041c\u044b \u0433\u043e\u0432\u043e\u0440\u0438\u043c \u043d\u0430 \u044d\u0441\u0442\u043e\u043d\u0441\u043a\u043e\u043c, \u0440\u0443\u0441\u0441\u043a\u043e\u043c \u0438 \u0430\u043d\u0433\u043b\u0438\u0439\u0441\u043a\u043e\u043c \u044f\u0437\u044b\u043a\u0430\u0445.<\/p>\n<\/div><\/div><div class=\"w-separator size_custom\" style=\"height:40px\"><\/div><div class=\"w-hwrapper valign_top align_none\"><div class=\"w-image align_none\"><div class=\"w-image-h\"><img decoding=\"async\" width=\"150\" height=\"150\" src=\"https:\/\/clarus.sahradyan.com\/wp-content\/uploads\/2025\/03\/CreditInfo_mark_RUS_1AAA-150x150.png\" class=\"attachment-thumbnail size-thumbnail\" alt=\"\" loading=\"lazy\" srcset=\"https:\/\/clarus.sahradyan.com\/wp-content\/uploads\/2025\/03\/CreditInfo_mark_RUS_1AAA-150x150.png 150w, https:\/\/clarus.sahradyan.com\/wp-content\/uploads\/2025\/03\/CreditInfo_mark_RUS_1AAA-300x300.png 300w, https:\/\/clarus.sahradyan.com\/wp-content\/uploads\/2025\/03\/CreditInfo_mark_RUS_1AAA.png 601w\" sizes=\"auto, (max-width: 150px) 100vw, 150px\" \/><\/div><\/div><div class=\"w-image us_custom_b73d7d07 has_height align_none\"><div class=\"w-image-h\"><img decoding=\"async\" width=\"1501\" height=\"1325\" src=\"https:\/\/clarus.sahradyan.com\/wp-content\/uploads\/2025\/03\/margis-RUS.png\" class=\"attachment-full size-full\" alt=\"\" loading=\"lazy\" srcset=\"https:\/\/clarus.sahradyan.com\/wp-content\/uploads\/2025\/03\/margis-RUS.png 1501w, https:\/\/clarus.sahradyan.com\/wp-content\/uploads\/2025\/03\/margis-RUS-300x265.png 300w, https:\/\/clarus.sahradyan.com\/wp-content\/uploads\/2025\/03\/margis-RUS-1024x904.png 1024w\" sizes=\"auto, (max-width: 1501px) 100vw, 1501px\" \/><\/div><\/div><\/div><\/div><\/div><div class=\"wpb_column vc_column_container\"><div class=\"vc_column-inner\">\n<div class=\"wpcf7 no-js\" id=\"wpcf7-f1290-o1\" lang=\"et\" dir=\"ltr\" data-wpcf7-id=\"1290\">\n<div class=\"screen-reader-response\"><p role=\"status\" aria-live=\"polite\" aria-atomic=\"true\"><\/p> <ul><\/ul><\/div>\n<form action=\"\/ru\/wp-json\/wp\/v2\/pages\/716#wpcf7-f1290-o1\" method=\"post\" class=\"wpcf7-form init\" aria-label=\"Contact form\" novalidate=\"novalidate\" data-status=\"init\">\n<div style=\"display: none;\">\n<input type=\"hidden\" name=\"_wpcf7\" value=\"1290\" \/>\n<input type=\"hidden\" name=\"_wpcf7_version\" value=\"6.0.4\" \/>\n<input type=\"hidden\" name=\"_wpcf7_locale\" value=\"et\" \/>\n<input type=\"hidden\" name=\"_wpcf7_unit_tag\" value=\"wpcf7-f1290-o1\" \/>\n<input type=\"hidden\" name=\"_wpcf7_container_post\" value=\"0\" \/>\n<input type=\"hidden\" name=\"_wpcf7_posted_data_hash\" value=\"\" \/>\n<\/div>\n<p><span class=\"wpcf7-form-control-wrap\" data-name=\"text-671\"><input size=\"40\" maxlength=\"400\" class=\"wpcf7-form-control wpcf7-text wpcf7-validates-as-required\" aria-required=\"true\" aria-invalid=\"false\" placeholder=\"\u0412\u0430\u0448\u0435 \u0438\u043c\u044f\" value=\"\" type=\"text\" name=\"text-671\" \/><\/span><br \/>\n<span class=\"wpcf7-form-control-wrap\" data-name=\"email-606\"><input size=\"40\" maxlength=\"400\" class=\"wpcf7-form-control wpcf7-email wpcf7-validates-as-required wpcf7-text wpcf7-validates-as-email\" aria-required=\"true\" aria-invalid=\"false\" placeholder=\"\u0412\u0430\u0448 email\" value=\"\" type=\"email\" name=\"email-606\" \/><\/span><br \/>\n<span class=\"wpcf7-form-control-wrap\" data-name=\"text-163\"><input size=\"40\" maxlength=\"400\" class=\"wpcf7-form-control wpcf7-text wpcf7-validates-as-required\" aria-required=\"true\" aria-invalid=\"false\" placeholder=\"\u0422\u0435\u043c\u0430\" value=\"\" type=\"text\" name=\"text-163\" \/><\/span><br \/>\n<span class=\"wpcf7-form-control-wrap\" data-name=\"textarea-205\"><textarea cols=\"40\" rows=\"10\" maxlength=\"2000\" class=\"wpcf7-form-control wpcf7-textarea wpcf7-validates-as-required\" aria-required=\"true\" aria-invalid=\"false\" placeholder=\"\u0412\u0430\u0448\u0435 \u0441\u043e\u043e\u0431\u0449\u0435\u043d\u0438\u0435\" name=\"textarea-205\"><\/textarea><\/span><br \/>\n<input class=\"wpcf7-form-control wpcf7-submit has-spinner\" type=\"submit\" value=\"\u0421\u0434\u0435\u043b\u0430\u0442\u044c \u0437\u0430\u043f\u0440\u043e\u0441\" \/>\n<\/p><div class=\"wpcf7-response-output\" aria-hidden=\"true\"><\/div>\n<\/form>\n<\/div>\n<\/div><\/div><\/div><\/div><\/div><\/div><\/div><\/section>\n","protected":false},"excerpt":{"rendered":"\u0421\u0432\u044f\u0436\u0438\u0442\u0435\u0441\u044c \u0441 \u043d\u0430\u043c\u0438\u042d\u043a\u0441\u043f\u0435\u0440\u0442\u044b \u043d\u0430\u0448\u0435\u0439 \u043a\u043e\u043c\u0430\u043d\u0434\u044b \u0433\u043e\u0442\u043e\u0432\u044b \u043a \u0440\u0430\u0431\u043e\u0442\u0435 \u0441 \u0412\u0430\u043c\u0438. \u0410\u0434\u0440\u0435\u0441\u042d\u0441\u0442\u043e\u043d\u0438\u044f Tartu mnt 50, 10115 Tallinn \u041b\u0438\u0442\u0432\u0430 A.Tum\u0117no g. 4-32, 4 auk\u0161tas (Vakar\u0173 \u012f\u0117jimas) LT-01109, Vilnius \u0412\u0440\u0435\u043c\u044f \u0440\u0430\u0431\u043e\u0442\u044b\u041f\u041d-\u041f\u0422: 10 \u2013 16 \u0421\u0411, \u0412\u0421: \u0437\u0430\u043a\u0440\u044b\u0442\u043e \u0422\u0435\u043b\u0435\u0444\u043e\u043d\u042d\u0441\u0442\u043e\u043d\u0438\u044f +372 7 707 707 \u041b\u0438\u0442\u0432\u0430 +370 5 21 627 35 Email\u042d\u0441\u0442\u043e\u043d\u0438\u044f info@clarusab.ee \u041b\u0438\u0442\u0432\u0430 info@clarus.lt \u0414\u0430\u0432\u0430\u0439\u0442\u0435 \u0440\u0430\u0431\u043e\u0442\u0430\u0442\u044c \u0432\u043c\u0435\u0441\u0442\u0435\u041c\u044b \u0437\u0434\u0435\u0441\u044c, \u0447\u0442\u043e\u0431\u044b \u043f\u043e\u043c\u043e\u0447\u044c...","protected":false},"author":1,"featured_media":0,"parent":0,"menu_order":0,"comment_status":"closed","ping_status":"closed","template":"","meta":{"inline_featured_image":false,"footnotes":""},"class_list":["post-716","page","type-page","status-publish","hentry"],"yoast_head":"<!-- This site is optimized with the Yoast SEO plugin v24.5 - https:\/\/yoast.com\/wordpress\/plugins\/seo\/ -->\n<title>\u041a\u043e\u043d\u0442\u0430\u043a\u0442 - Minu koduleht<\/title>\n<meta name=\"robots\" content=\"index, follow, max-snippet:-1, max-image-preview:large, max-video-preview:-1\" \/>\n<link rel=\"canonical\" href=\"https:\/\/clarus.sahradyan.com\/ru\/contacts\/\" \/>\n<meta property=\"og:locale\" content=\"ru_RU\" \/>\n<meta property=\"og:type\" content=\"article\" \/>\n<meta property=\"og:title\" content=\"\u041a\u043e\u043d\u0442\u0430\u043a\u0442 - Minu koduleht\" \/>\n<meta property=\"og:url\" content=\"https:\/\/clarus.sahradyan.com\/ru\/contacts\/\" \/>\n<meta property=\"og:site_name\" content=\"Minu koduleht\" \/>\n<meta property=\"article:modified_time\" content=\"2025-04-14T13:55:04+00:00\" \/>\n<meta name=\"twitter:card\" content=\"summary_large_image\" \/>\n<meta name=\"twitter:label1\" content=\"\u041f\u0440\u0438\u043c\u0435\u0440\u043d\u043e\u0435 \u0432\u0440\u0435\u043c\u044f \u0434\u043b\u044f \u0447\u0442\u0435\u043d\u0438\u044f\" \/>\n\t<meta name=\"twitter:data1\" content=\"1 \u043c\u0438\u043d\u0443\u0442\u0430\" \/>\n<script type=\"application\/ld+json\" class=\"yoast-schema-graph\">{\"@context\":\"https:\/\/schema.org\",\"@graph\":[{\"@type\":\"WebPage\",\"@id\":\"https:\/\/clarus.sahradyan.com\/ru\/contacts\/\",\"url\":\"https:\/\/clarus.sahradyan.com\/ru\/contacts\/\",\"name\":\"\u041a\u043e\u043d\u0442\u0430\u043a\u0442 - Minu koduleht\",\"isPartOf\":{\"@id\":\"http:\/\/clarus.sahradyan.com\/#website\"},\"datePublished\":\"2025-02-06T16:09:43+00:00\",\"dateModified\":\"2025-04-14T13:55:04+00:00\",\"breadcrumb\":{\"@id\":\"https:\/\/clarus.sahradyan.com\/ru\/contacts\/#breadcrumb\"},\"inLanguage\":\"ru-RU\",\"potentialAction\":[{\"@type\":\"ReadAction\",\"target\":[\"https:\/\/clarus.sahradyan.com\/ru\/contacts\/\"]}]},{\"@type\":\"BreadcrumbList\",\"@id\":\"https:\/\/clarus.sahradyan.com\/ru\/contacts\/#breadcrumb\",\"itemListElement\":[{\"@type\":\"ListItem\",\"position\":1,\"name\":\"Home\",\"item\":\"http:\/\/clarus.sahradyan.com\/ru\/\"},{\"@type\":\"ListItem\",\"position\":2,\"name\":\"\u041a\u043e\u043d\u0442\u0430\u043a\u0442\"}]},{\"@type\":\"WebSite\",\"@id\":\"http:\/\/clarus.sahradyan.com\/#website\",\"url\":\"http:\/\/clarus.sahradyan.com\/\",\"name\":\"Minu koduleht\",\"description\":\"\",\"potentialAction\":[{\"@type\":\"SearchAction\",\"target\":{\"@type\":\"EntryPoint\",\"urlTemplate\":\"http:\/\/clarus.sahradyan.com\/?s={search_term_string}\"},\"query-input\":{\"@type\":\"PropertyValueSpecification\",\"valueRequired\":true,\"valueName\":\"search_term_string\"}}],\"inLanguage\":\"ru-RU\"}]}<\/script>\n<!-- \/ Yoast SEO plugin. -->","yoast_head_json":{"title":"\u041a\u043e\u043d\u0442\u0430\u043a\u0442 - Minu koduleht","robots":{"index":"index","follow":"follow","max-snippet":"max-snippet:-1","max-image-preview":"max-image-preview:large","max-video-preview":"max-video-preview:-1"},"canonical":"https:\/\/clarus.sahradyan.com\/ru\/contacts\/","og_locale":"ru_RU","og_type":"article","og_title":"\u041a\u043e\u043d\u0442\u0430\u043a\u0442 - Minu koduleht","og_url":"https:\/\/clarus.sahradyan.com\/ru\/contacts\/","og_site_name":"Minu koduleht","article_modified_time":"2025-04-14T13:55:04+00:00","twitter_card":"summary_large_image","twitter_misc":{"\u041f\u0440\u0438\u043c\u0435\u0440\u043d\u043e\u0435 \u0432\u0440\u0435\u043c\u044f \u0434\u043b\u044f \u0447\u0442\u0435\u043d\u0438\u044f":"1 \u043c\u0438\u043d\u0443\u0442\u0430"},"schema":{"@context":"https:\/\/schema.org","@graph":[{"@type":"WebPage","@id":"https:\/\/clarus.sahradyan.com\/ru\/contacts\/","url":"https:\/\/clarus.sahradyan.com\/ru\/contacts\/","name":"\u041a\u043e\u043d\u0442\u0430\u043a\u0442 - Minu koduleht","isPartOf":{"@id":"http:\/\/clarus.sahradyan.com\/#website"},"datePublished":"2025-02-06T16:09:43+00:00","dateModified":"2025-04-14T13:55:04+00:00","breadcrumb":{"@id":"https:\/\/clarus.sahradyan.com\/ru\/contacts\/#breadcrumb"},"inLanguage":"ru-RU","potentialAction":[{"@type":"ReadAction","target":["https:\/\/clarus.sahradyan.com\/ru\/contacts\/"]}]},{"@type":"BreadcrumbList","@id":"https:\/\/clarus.sahradyan.com\/ru\/contacts\/#breadcrumb","itemListElement":[{"@type":"ListItem","position":1,"name":"Home","item":"http:\/\/clarus.sahradyan.com\/ru\/"},{"@type":"ListItem","position":2,"name":"\u041a\u043e\u043d\u0442\u0430\u043a\u0442"}]},{"@type":"WebSite","@id":"http:\/\/clarus.sahradyan.com\/#website","url":"http:\/\/clarus.sahradyan.com\/","name":"Minu koduleht","description":"","potentialAction":[{"@type":"SearchAction","target":{"@type":"EntryPoint","urlTemplate":"http:\/\/clarus.sahradyan.com\/?s={search_term_string}"},"query-input":{"@type":"PropertyValueSpecification","valueRequired":true,"valueName":"search_term_string"}}],"inLanguage":"ru-RU"}]}},"_links":{"self":[{"href":"https:\/\/clarus.sahradyan.com\/ru\/wp-json\/wp\/v2\/pages\/716","targetHints":{"allow":["GET"]}}],"collection":[{"href":"https:\/\/clarus.sahradyan.com\/ru\/wp-json\/wp\/v2\/pages"}],"about":[{"href":"https:\/\/clarus.sahradyan.com\/ru\/wp-json\/wp\/v2\/types\/page"}],"author":[{"embeddable":true,"href":"https:\/\/clarus.sahradyan.com\/ru\/wp-json\/wp\/v2\/users\/1"}],"replies":[{"embeddable":true,"href":"https:\/\/clarus.sahradyan.com\/ru\/wp-json\/wp\/v2\/comments?post=716"}],"version-history":[{"count":5,"href":"https:\/\/clarus.sahradyan.com\/ru\/wp-json\/wp\/v2\/pages\/716\/revisions"}],"predecessor-version":[{"id":1380,"href":"https:\/\/clarus.sahradyan.com\/ru\/wp-json\/wp\/v2\/pages\/716\/revisions\/1380"}],"wp:attachment":[{"href":"https:\/\/clarus.sahradyan.com\/ru\/wp-json\/wp\/v2\/media?parent=716"}],"curies":[{"name":"wp","href":"https:\/\/api.w.org\/{rel}","templated":true}]}}