{"id":1189,"date":"2025-03-13T19:00:36","date_gmt":"2025-03-13T19:00:36","guid":{"rendered":"https:\/\/clarus.sahradyan.com\/oksana-morozova\/"},"modified":"2025-04-04T00:19:17","modified_gmt":"2025-04-04T00:19:17","slug":"oksana-morozova","status":"publish","type":"page","link":"https:\/\/clarus.sahradyan.com\/en\/oksana-morozova\/","title":{"rendered":"\u041e\u043a\u0441\u0430\u043d\u0430 \u041c\u043e\u0440\u043e\u0437\u043e\u0432\u0430"},"content":{"rendered":"<section class=\"l-section wpb_row height_medium\"><div class=\"l-section-h i-cf\"><div class=\"g-cols vc_row via_grid cols_1 laptops-cols_inherit tablets-cols_inherit mobiles-cols_1 valign_middle type_default stacking_default\"><div class=\"wpb_column vc_column_container read-more-yulia has-link\"><div class=\"vc_column-inner\"><div class=\"g-cols wpb_row via_grid cols_3 laptops-cols_inherit tablets-cols_inherit mobiles-cols_1 valign_top type_default stacking_default\" style=\"--columns-gap:3rem;\"><div class=\"wpb_column vc_column_container\"><div class=\"vc_column-inner\"><h1 class=\"w-text us_custom_029c40e5\"><span class=\"w-text-h\"><span class=\"w-text-value\">Oksana Morozova<\/span><\/span><\/h1><div class=\"w-text\"><span class=\"w-text-h\"><span class=\"w-text-value\">Sworn advocate<br \/>\nBankruptcy trustee<\/span><\/span><\/div><div class=\"w-separator size_custom\" style=\"height:24px\"><\/div><div class=\"w-iconbox iconpos_left style_default color_primary align_left no_text\"><a href=\"tel:(+372) 7 707 707\" class=\"w-iconbox-link\" aria-label=\"(+372) 7 707 707\"><div class=\"w-iconbox-icon\" style=\"font-size:20px;\"><i class=\"fad fa-phone\"><\/i><\/div><\/a><div class=\"w-iconbox-meta\"><div class=\"w-iconbox-title\"><a href=\"tel:(+372) 7 707 707\" class=\"w-iconbox-link\" aria-label=\"(+372) 7 707 707\">(+372) 7 707 707<\/a><\/div><\/div><\/div><div class=\"w-separator size_custom\" style=\"height:16px\"><\/div><div class=\"w-iconbox iconpos_left style_default color_primary align_left no_text\"><a href=\"mailto:oksana@clarusab.ee\" class=\"w-iconbox-link\" aria-label=\"oksana@clarusab.ee\"><div class=\"w-iconbox-icon\" style=\"font-size:20px;\"><i class=\"fad fa-at\"><\/i><\/div><\/a><div class=\"w-iconbox-meta\"><div class=\"w-iconbox-title\"><a href=\"mailto:oksana@clarusab.ee\" class=\"w-iconbox-link\" aria-label=\"oksana@clarusab.ee\">oksana@clarusab.ee<\/a><\/div><\/div><\/div><\/div><\/div><div class=\"wpb_column vc_column_container\"><div class=\"vc_column-inner\"><div class=\"wpb_text_column\"><div class=\"wpb_wrapper\"><p><span style=\"font-weight: 400;\">Oksana specializes in litigation and out-of-court dispute resolution in civil and enforcement proceedings. She also has extensive experience in contract law, including drafting, negotiating, and resolving contract disputes. Additionally, Oksana has significant expertise in family law.<\/span><\/p>\n<p><span style=\"font-weight: 400;\">Beyond these areas, Oksana has advised and represented business clients in obtaining credit provider and credit intermediary licenses from the Financial Supervision Authority (Finantsinspektsioon).<\/span><\/p>\n<p><span style=\"font-weight: 400;\">Since 2024, Oksana has also been practicing as a bankruptcy trustee.<\/span><\/p>\n<\/div><\/div><\/div><\/div><div class=\"wpb_column vc_column_container\"><div class=\"vc_column-inner\"><div class=\"w-image us_custom_22382e63 has_ratio align_none\"><div class=\"w-image-h\"><div style=\"padding-bottom:150%\"><\/div><img decoding=\"async\" width=\"683\" height=\"1024\" src=\"https:\/\/clarus.sahradyan.com\/wp-content\/uploads\/2025\/03\/Oksana-683x1024.jpg\" class=\"attachment-large size-large\" alt=\"\" loading=\"lazy\" \/><\/div><\/div><\/div><\/div><\/div><div class=\"w-separator size_large with_line width_default thick_1 style_solid color_border align_center\"><div class=\"w-separator-h\"><\/div><\/div><div class=\"g-cols wpb_row via_grid cols_3 laptops-cols_inherit tablets-cols_inherit mobiles-cols_1 valign_top type_default stacking_default\" style=\"--columns-gap:3rem;\"><div class=\"wpb_column vc_column_container\"><div class=\"vc_column-inner\"><h6 class=\"w-text\"><span class=\"w-text-h\"><span class=\"w-text-value\">Career<\/span><\/span><\/h6><div class=\"wpb_text_column\"><div class=\"wpb_wrapper\"><ul>\n<li style=\"font-weight: 400;\" aria-level=\"1\">2019 \u2013 Present \u2013 Sworn Advocate, Law Firm CLARUS<\/li>\n<li style=\"font-weight: 400;\" aria-level=\"1\">2017 \u2013 2019 \u2013 Sworn Advocate, Law Firm Heringson GLO<\/li>\n<li style=\"font-weight: 400;\" aria-level=\"1\">2010 \u2013 2017 \u2013 Sworn Advocate, Law Firm Selberg &amp; Ko<\/li>\n<li style=\"font-weight: 400;\" aria-level=\"1\">2007 \u2013 2010 \u2013 Lawyer, O\u00dc Markus \u00d5igusb\u00fcroo<\/li>\n<\/ul>\n<\/div><\/div><\/div><\/div><div class=\"wpb_column vc_column_container\"><div class=\"vc_column-inner\"><h6 class=\"w-text\"><span class=\"w-text-h\"><span class=\"w-text-value\">Key Areas of Expertise<\/span><\/span><\/h6><div class=\"wpb_text_column\"><div class=\"wpb_wrapper\"><ul>\n<li style=\"font-weight: 400;\" aria-level=\"1\">Business Law, Contract Law, and Debt Law<\/li>\n<li style=\"font-weight: 400;\" aria-level=\"1\">Family Law<\/li>\n<li style=\"font-weight: 400;\" aria-level=\"1\">Civil Litigation and Dispute Resolution<\/li>\n<\/ul>\n<\/div><\/div><\/div><\/div><div class=\"wpb_column vc_column_container\"><div class=\"vc_column-inner\"><h6 class=\"w-text\"><span class=\"w-text-h\"><span class=\"w-text-value\">Memberships<\/span><\/span><\/h6><div class=\"wpb_text_column\"><div class=\"wpb_wrapper\"><ul>\n<li style=\"font-weight: 400;\" aria-level=\"1\">Member of the Estonian Bar Association since 05.04.2011<\/li>\n<li style=\"font-weight: 400;\" aria-level=\"1\">Sworn Advocate since 28.05.2013<\/li>\n<li style=\"font-weight: 400;\" aria-level=\"1\">Member of the Chamber of Bailiffs and Bankruptcy Trustees since 28.10.2024<\/li>\n<\/ul>\n<\/div><\/div><\/div><\/div><\/div><div class=\"w-separator size_medium\"><\/div><div class=\"g-cols wpb_row via_grid cols_3 laptops-cols_inherit tablets-cols_inherit mobiles-cols_1 valign_top type_default stacking_default\" style=\"--columns-gap:3rem;\"><div class=\"wpb_column vc_column_container\"><div class=\"vc_column-inner\"><h6 class=\"w-text\"><span class=\"w-text-h\"><span class=\"w-text-value\">Languages<\/span><\/span><\/h6><div class=\"wpb_text_column\"><div class=\"wpb_wrapper\"><ul>\n<li>Russian<\/li>\n<li>Estonian<\/li>\n<\/ul>\n<\/div><\/div><\/div><\/div><div class=\"wpb_column vc_column_container\"><div class=\"vc_column-inner\"><\/div><\/div><div class=\"wpb_column vc_column_container\"><div class=\"vc_column-inner\"><\/div><\/div><\/div><\/div><a href=\"#\" class=\"vc_column-link smooth-scroll\" aria-label=\"Link\"><\/a><\/div><\/div><\/div><\/section><section class=\"l-section wpb_row height_medium\"><div class=\"l-section-h i-cf\"><div class=\"g-cols vc_row via_grid cols_1 laptops-cols_inherit tablets-cols_inherit mobiles-cols_1 valign_top type_default stacking_default\"><div class=\"wpb_column vc_column_container\"><div class=\"vc_column-inner\"><\/div><\/div><\/div><\/div><\/section>\n","protected":false},"excerpt":{"rendered":"Oksana MorozovaSworn advocate Bankruptcy trustee(+372) 7 707 707oksana@clarusab.eeOksana specializes in litigation and out-of-court dispute resolution in civil and enforcement proceedings. She also has extensive experience in contract law, including drafting, negotiating, and resolving contract disputes. Additionally, Oksana has significant expertise in family law. Beyond these areas, Oksana has advised and represented business clients in obtaining...","protected":false},"author":1,"featured_media":0,"parent":0,"menu_order":0,"comment_status":"closed","ping_status":"closed","template":"","meta":{"inline_featured_image":false,"footnotes":""},"class_list":["post-1189","page","type-page","status-publish","hentry"],"yoast_head":"<!-- This site is optimized with the Yoast SEO plugin v24.5 - https:\/\/yoast.com\/wordpress\/plugins\/seo\/ -->\n<title>\u041e\u043a\u0441\u0430\u043d\u0430 \u041c\u043e\u0440\u043e\u0437\u043e\u0432\u0430 - Minu koduleht<\/title>\n<meta name=\"robots\" content=\"index, follow, max-snippet:-1, max-image-preview:large, max-video-preview:-1\" \/>\n<link rel=\"canonical\" href=\"https:\/\/clarus.sahradyan.com\/en\/oksana-morozova\/\" \/>\n<meta property=\"og:locale\" content=\"en_US\" \/>\n<meta property=\"og:type\" content=\"article\" \/>\n<meta property=\"og:title\" content=\"\u041e\u043a\u0441\u0430\u043d\u0430 \u041c\u043e\u0440\u043e\u0437\u043e\u0432\u0430 - Minu koduleht\" \/>\n<meta property=\"og:url\" content=\"https:\/\/clarus.sahradyan.com\/en\/oksana-morozova\/\" \/>\n<meta property=\"og:site_name\" content=\"Minu koduleht\" \/>\n<meta property=\"article:modified_time\" content=\"2025-04-04T00:19:17+00:00\" \/>\n<meta name=\"twitter:card\" content=\"summary_large_image\" \/>\n<meta name=\"twitter:label1\" content=\"Est. reading time\" \/>\n\t<meta name=\"twitter:data1\" content=\"2 minutes\" \/>\n<script type=\"application\/ld+json\" class=\"yoast-schema-graph\">{\"@context\":\"https:\/\/schema.org\",\"@graph\":[{\"@type\":\"WebPage\",\"@id\":\"https:\/\/clarus.sahradyan.com\/en\/oksana-morozova\/\",\"url\":\"https:\/\/clarus.sahradyan.com\/en\/oksana-morozova\/\",\"name\":\"\u041e\u043a\u0441\u0430\u043d\u0430 \u041c\u043e\u0440\u043e\u0437\u043e\u0432\u0430 - Minu koduleht\",\"isPartOf\":{\"@id\":\"https:\/\/clarus.sahradyan.com\/en\/#website\"},\"datePublished\":\"2025-03-13T19:00:36+00:00\",\"dateModified\":\"2025-04-04T00:19:17+00:00\",\"breadcrumb\":{\"@id\":\"https:\/\/clarus.sahradyan.com\/en\/oksana-morozova\/#breadcrumb\"},\"inLanguage\":\"en-US\",\"potentialAction\":[{\"@type\":\"ReadAction\",\"target\":[\"https:\/\/clarus.sahradyan.com\/en\/oksana-morozova\/\"]}]},{\"@type\":\"BreadcrumbList\",\"@id\":\"https:\/\/clarus.sahradyan.com\/en\/oksana-morozova\/#breadcrumb\",\"itemListElement\":[{\"@type\":\"ListItem\",\"position\":1,\"name\":\"Home\",\"item\":\"https:\/\/clarus.sahradyan.com\/en\/\"},{\"@type\":\"ListItem\",\"position\":2,\"name\":\"\u041e\u043a\u0441\u0430\u043d\u0430 \u041c\u043e\u0440\u043e\u0437\u043e\u0432\u0430\"}]},{\"@type\":\"WebSite\",\"@id\":\"https:\/\/clarus.sahradyan.com\/en\/#website\",\"url\":\"https:\/\/clarus.sahradyan.com\/en\/\",\"name\":\"Minu koduleht\",\"description\":\"\",\"potentialAction\":[{\"@type\":\"SearchAction\",\"target\":{\"@type\":\"EntryPoint\",\"urlTemplate\":\"https:\/\/clarus.sahradyan.com\/en\/?s={search_term_string}\"},\"query-input\":{\"@type\":\"PropertyValueSpecification\",\"valueRequired\":true,\"valueName\":\"search_term_string\"}}],\"inLanguage\":\"en-US\"}]}<\/script>\n<!-- \/ Yoast SEO plugin. -->","yoast_head_json":{"title":"\u041e\u043a\u0441\u0430\u043d\u0430 \u041c\u043e\u0440\u043e\u0437\u043e\u0432\u0430 - Minu koduleht","robots":{"index":"index","follow":"follow","max-snippet":"max-snippet:-1","max-image-preview":"max-image-preview:large","max-video-preview":"max-video-preview:-1"},"canonical":"https:\/\/clarus.sahradyan.com\/en\/oksana-morozova\/","og_locale":"en_US","og_type":"article","og_title":"\u041e\u043a\u0441\u0430\u043d\u0430 \u041c\u043e\u0440\u043e\u0437\u043e\u0432\u0430 - Minu koduleht","og_url":"https:\/\/clarus.sahradyan.com\/en\/oksana-morozova\/","og_site_name":"Minu koduleht","article_modified_time":"2025-04-04T00:19:17+00:00","twitter_card":"summary_large_image","twitter_misc":{"Est. reading time":"2 minutes"},"schema":{"@context":"https:\/\/schema.org","@graph":[{"@type":"WebPage","@id":"https:\/\/clarus.sahradyan.com\/en\/oksana-morozova\/","url":"https:\/\/clarus.sahradyan.com\/en\/oksana-morozova\/","name":"\u041e\u043a\u0441\u0430\u043d\u0430 \u041c\u043e\u0440\u043e\u0437\u043e\u0432\u0430 - Minu koduleht","isPartOf":{"@id":"https:\/\/clarus.sahradyan.com\/en\/#website"},"datePublished":"2025-03-13T19:00:36+00:00","dateModified":"2025-04-04T00:19:17+00:00","breadcrumb":{"@id":"https:\/\/clarus.sahradyan.com\/en\/oksana-morozova\/#breadcrumb"},"inLanguage":"en-US","potentialAction":[{"@type":"ReadAction","target":["https:\/\/clarus.sahradyan.com\/en\/oksana-morozova\/"]}]},{"@type":"BreadcrumbList","@id":"https:\/\/clarus.sahradyan.com\/en\/oksana-morozova\/#breadcrumb","itemListElement":[{"@type":"ListItem","position":1,"name":"Home","item":"https:\/\/clarus.sahradyan.com\/en\/"},{"@type":"ListItem","position":2,"name":"\u041e\u043a\u0441\u0430\u043d\u0430 \u041c\u043e\u0440\u043e\u0437\u043e\u0432\u0430"}]},{"@type":"WebSite","@id":"https:\/\/clarus.sahradyan.com\/en\/#website","url":"https:\/\/clarus.sahradyan.com\/en\/","name":"Minu koduleht","description":"","potentialAction":[{"@type":"SearchAction","target":{"@type":"EntryPoint","urlTemplate":"https:\/\/clarus.sahradyan.com\/en\/?s={search_term_string}"},"query-input":{"@type":"PropertyValueSpecification","valueRequired":true,"valueName":"search_term_string"}}],"inLanguage":"en-US"}]}},"_links":{"self":[{"href":"https:\/\/clarus.sahradyan.com\/en\/wp-json\/wp\/v2\/pages\/1189","targetHints":{"allow":["GET"]}}],"collection":[{"href":"https:\/\/clarus.sahradyan.com\/en\/wp-json\/wp\/v2\/pages"}],"about":[{"href":"https:\/\/clarus.sahradyan.com\/en\/wp-json\/wp\/v2\/types\/page"}],"author":[{"embeddable":true,"href":"https:\/\/clarus.sahradyan.com\/en\/wp-json\/wp\/v2\/users\/1"}],"replies":[{"embeddable":true,"href":"https:\/\/clarus.sahradyan.com\/en\/wp-json\/wp\/v2\/comments?post=1189"}],"version-history":[{"count":4,"href":"https:\/\/clarus.sahradyan.com\/en\/wp-json\/wp\/v2\/pages\/1189\/revisions"}],"predecessor-version":[{"id":1358,"href":"https:\/\/clarus.sahradyan.com\/en\/wp-json\/wp\/v2\/pages\/1189\/revisions\/1358"}],"wp:attachment":[{"href":"https:\/\/clarus.sahradyan.com\/en\/wp-json\/wp\/v2\/media?parent=1189"}],"curies":[{"name":"wp","href":"https:\/\/api.w.org\/{rel}","templated":true}]}}